{"id":362,"date":"2021-08-17T17:03:43","date_gmt":"2021-08-17T17:03:43","guid":{"rendered":"https:\/\/demo.athemes.com\/botiga\/?page_id=362"},"modified":"2023-04-19T04:35:08","modified_gmt":"2023-04-19T02:35:08","slug":"home-2","status":"publish","type":"page","link":"https:\/\/orkafishinglures.com\/de\/","title":{"rendered":"Home"},"content":{"rendered":"\n<div id=\"athemes-blocks-block-aaeebda9\" class=\"wp-block-athemes-athemes-blocks-block-container athemes-blocks-block athemes-blocks-block-aaeebda9 athemes-blocks-block-container alignfull\"><div class=\"athemes-blocks-block-container-wrapper athemes-blocks-block-container-bg-contain athemes-blocks-block-container-bg-effect-scroll\"><div class=\"athemes-blocks-block-container-wrapper-content\">\n<div class=\"wp-block-columns is-layout-flex wp-container-core-columns-is-layout-9d6595d7 wp-block-columns-is-layout-flex\">\n<div class=\"wp-block-column is-layout-flow wp-block-column-is-layout-flow\" style=\"flex-basis:66.66%\">\n<h2 class=\"wp-block-heading has-gigantic-font-size\">ORKA FISHING LURES <\/h2>\n\n\n\n<div class=\"wp-block-buttons is-layout-flex wp-block-buttons-is-layout-flex\">\n<div class=\"wp-block-button\"><a class=\"wp-block-button__link wp-element-button\" href=\"https:\/\/orkafishinglures.com\/de\/online-store\/\">KOMPLETTES ANGEBOT<\/a><\/div>\n<\/div>\n<\/div>\n\n\n\n<div class=\"wp-block-column is-layout-flow wp-block-column-is-layout-flow\" style=\"flex-basis:33.33%\">\n<figure class=\"wp-block-image size-large\"><img loading=\"lazy\" decoding=\"async\" width=\"1024\" height=\"918\" src=\"http:\/\/orkafishinglures.com\/wp-content\/uploads\/2022\/11\/ok-chrome-effect-1024x918.png\" alt=\"\" class=\"wp-image-416\" srcset=\"https:\/\/orkafishinglures.com\/wp-content\/uploads\/2022\/11\/ok-chrome-effect-1024x918.png 1024w, https:\/\/orkafishinglures.com\/wp-content\/uploads\/2022\/11\/ok-chrome-effect-300x269.png 300w, https:\/\/orkafishinglures.com\/wp-content\/uploads\/2022\/11\/ok-chrome-effect-768x689.png 768w, https:\/\/orkafishinglures.com\/wp-content\/uploads\/2022\/11\/ok-chrome-effect-1536x1377.png 1536w, https:\/\/orkafishinglures.com\/wp-content\/uploads\/2022\/11\/ok-chrome-effect-2048x1837.png 2048w, https:\/\/orkafishinglures.com\/wp-content\/uploads\/2022\/11\/ok-chrome-effect-1140x1022.png 1140w, https:\/\/orkafishinglures.com\/wp-content\/uploads\/2022\/11\/ok-chrome-effect-920x825.png 920w, https:\/\/orkafishinglures.com\/wp-content\/uploads\/2022\/11\/ok-chrome-effect-575x516.png 575w, https:\/\/orkafishinglures.com\/wp-content\/uploads\/2022\/11\/ok-chrome-effect-380x341.png 380w, https:\/\/orkafishinglures.com\/wp-content\/uploads\/2022\/11\/ok-chrome-effect-420x377.png 420w, https:\/\/orkafishinglures.com\/wp-content\/uploads\/2022\/11\/ok-chrome-effect-800x717.png 800w\" sizes=\"auto, (max-width: 1024px) 100vw, 1024px\" \/><\/figure>\n<\/div>\n<\/div>\n<\/div><\/div><\/div>\n\n\n\n<div style=\"height:30px\" aria-hidden=\"true\" class=\"wp-block-spacer\"><\/div>\n\n\n\n<div class=\"wp-block-media-text alignwide has-media-on-the-right is-stacked-on-mobile\"><div class=\"wp-block-media-text__content\">\n<h2 class=\"wp-block-heading\">NEU IM ANGEBOT<\/h2>\n\n\n\n<pre id=\"tw-target-text\" class=\"wp-block-preformatted\">ORKA SHAD TAIL NEUE FARBEN SIND F\u00dcR DIE GR\u00d6SSEN 13,15,17 UND 21 CM ERH\u00c4LTLICH.<\/pre>\n\n\n\n<p>.<\/p>\n\n\n\n<div class=\"wp-block-buttons is-layout-flex wp-block-buttons-is-layout-flex\">\n<div class=\"wp-block-button\"><a class=\"wp-block-button__link wp-element-button\" href=\"https:\/\/orkafishinglures.com\/de\/product-category\/shad-tail\/\">JETZT EINKAUFEN !<\/a><\/div>\n<\/div>\n<\/div><figure class=\"wp-block-media-text__media\"><img loading=\"lazy\" decoding=\"async\" width=\"1024\" height=\"1024\" src=\"https:\/\/orkafishinglures.com\/wp-content\/uploads\/2023\/04\/st-21-4-2-1024x1024.png\" alt=\"\" class=\"wp-image-4270 size-full\" srcset=\"https:\/\/orkafishinglures.com\/wp-content\/uploads\/2023\/04\/st-21-4-2-1024x1024.png 1024w, https:\/\/orkafishinglures.com\/wp-content\/uploads\/2023\/04\/st-21-4-2-300x300.png 300w, https:\/\/orkafishinglures.com\/wp-content\/uploads\/2023\/04\/st-21-4-2-150x150.png 150w, https:\/\/orkafishinglures.com\/wp-content\/uploads\/2023\/04\/st-21-4-2-768x768.png 768w, https:\/\/orkafishinglures.com\/wp-content\/uploads\/2023\/04\/st-21-4-2-920x920.png 920w, https:\/\/orkafishinglures.com\/wp-content\/uploads\/2023\/04\/st-21-4-2-575x575.png 575w, https:\/\/orkafishinglures.com\/wp-content\/uploads\/2023\/04\/st-21-4-2-380x380.png 380w, https:\/\/orkafishinglures.com\/wp-content\/uploads\/2023\/04\/st-21-4-2-420x420.png 420w, https:\/\/orkafishinglures.com\/wp-content\/uploads\/2023\/04\/st-21-4-2-800x800.png 800w, https:\/\/orkafishinglures.com\/wp-content\/uploads\/2023\/04\/st-21-4-2-100x100.png 100w, https:\/\/orkafishinglures.com\/wp-content\/uploads\/2023\/04\/st-21-4-2.png 1080w\" sizes=\"auto, (max-width: 1024px) 100vw, 1024px\" \/><\/figure><\/div>\n\n\n\n<div class=\"wp-block-media-text alignwide is-stacked-on-mobile\"><figure class=\"wp-block-media-text__media\"><img loading=\"lazy\" decoding=\"async\" width=\"1024\" height=\"1024\" src=\"https:\/\/orkafishinglures.com\/wp-content\/uploads\/2023\/01\/FB-SKUIRTS-1024x1024.jpg\" alt=\"\" class=\"wp-image-3966 size-full\" srcset=\"https:\/\/orkafishinglures.com\/wp-content\/uploads\/2023\/01\/FB-SKUIRTS-1024x1024.jpg 1024w, https:\/\/orkafishinglures.com\/wp-content\/uploads\/2023\/01\/FB-SKUIRTS-300x300.jpg 300w, https:\/\/orkafishinglures.com\/wp-content\/uploads\/2023\/01\/FB-SKUIRTS-150x150.jpg 150w, https:\/\/orkafishinglures.com\/wp-content\/uploads\/2023\/01\/FB-SKUIRTS-768x768.jpg 768w, https:\/\/orkafishinglures.com\/wp-content\/uploads\/2023\/01\/FB-SKUIRTS-920x920.jpg 920w, https:\/\/orkafishinglures.com\/wp-content\/uploads\/2023\/01\/FB-SKUIRTS-575x575.jpg 575w, https:\/\/orkafishinglures.com\/wp-content\/uploads\/2023\/01\/FB-SKUIRTS-380x380.jpg 380w, https:\/\/orkafishinglures.com\/wp-content\/uploads\/2023\/01\/FB-SKUIRTS-420x420.jpg 420w, https:\/\/orkafishinglures.com\/wp-content\/uploads\/2023\/01\/FB-SKUIRTS-800x800.jpg 800w, https:\/\/orkafishinglures.com\/wp-content\/uploads\/2023\/01\/FB-SKUIRTS-100x100.jpg 100w, https:\/\/orkafishinglures.com\/wp-content\/uploads\/2023\/01\/FB-SKUIRTS.jpg 1080w\" sizes=\"auto, (max-width: 1024px) 100vw, 1024px\" \/><\/figure><div class=\"wp-block-media-text__content\">\n<h2 class=\"wp-block-heading\">NEU IM ANGEBOT<\/h2>\n\n\n\n<p>ORKA Die R\u00f6cke bieten mit ihrer Form und ihrem Zweck viele M\u00f6glichkeiten zum Kombinieren mit anderen Arten von K\u00f6dern. Sie werden zu 2 St\u00fcck in einer Verpackung geliefert, das Gewicht eines Rocks betr\u00e4gt 20 g und die L\u00e4nge betr\u00e4gt 18 cm.<\/p>\n\n\n\n<div class=\"wp-block-buttons is-layout-flex wp-block-buttons-is-layout-flex\">\n<div class=\"wp-block-button\"><a class=\"wp-block-button__link wp-element-button\" href=\"https:\/\/orkafishinglures.com\/de\/product-category\/orka-skirts\/\">JETZT EINKAUFEN !<\/a><\/div>\n<\/div>\n<\/div><\/div>\n\n\n\n<h3 class=\"wp-block-heading has-text-align-center\">NEUE FARBEN<\/h3>\n\n\n\n<p class=\"has-text-align-center\">Liebe Angler, wir freuen uns, Ihnen mitteilen zu k\u00f6nnen, dass wir die Farbpalette unserer meistverkauften Modelle ORKA SHAD und ORKA MERMAID aktualisiert haben. Die neuen SHAD-Dekore sind ab einer Gr\u00f6\u00dfe von 9 cm erh\u00e4ltlich. bis 14 cm und f\u00fcr MERMAID ab 7 cm. bis 15cm.<\/p>\n\n\n\n<div class=\"wp-block-group\"><div class=\"wp-block-group__inner-container is-layout-constrained wp-block-group-is-layout-constrained\">\n<div class=\"wp-block-columns is-layout-flex wp-container-core-columns-is-layout-9d6595d7 wp-block-columns-is-layout-flex\">\n<div class=\"wp-block-column is-layout-flow wp-block-column-is-layout-flow\">\n<div class=\"wp-block-buttons is-content-justification-center is-layout-flex wp-container-core-buttons-is-layout-16018d1d wp-block-buttons-is-layout-flex\">\n<div class=\"wp-block-button\"><a class=\"wp-block-button__link wp-element-button\" href=\"https:\/\/orkafishinglures.com\/de\/product-category\/orka-shad\/\">ORKA SHAD<\/a><\/div>\n<\/div>\n<\/div>\n\n\n\n<div class=\"wp-block-column is-layout-flow wp-block-column-is-layout-flow\">\n<div class=\"wp-block-buttons is-content-justification-center is-layout-flex wp-container-core-buttons-is-layout-16018d1d wp-block-buttons-is-layout-flex\">\n<div class=\"wp-block-button\"><a class=\"wp-block-button__link wp-element-button\" href=\"https:\/\/orkafishinglures.com\/de\/product-category\/mermaid\/\">ORKA MERMAID<\/a><\/div>\n<\/div>\n<\/div>\n<\/div>\n<\/div><\/div>\n\n\n\n<div style=\"height:30px\" aria-hidden=\"true\" class=\"wp-block-spacer\"><\/div>\n\n\n\n<h3 class=\"wp-block-heading has-text-align-center\">BELIEBTESTE MODELLE<\/h3>\n\n\n\n<div class=\"wp-block-columns is-layout-flex wp-container-core-columns-is-layout-9d6595d7 wp-block-columns-is-layout-flex\">\n<div class=\"wp-block-column is-layout-flow wp-block-column-is-layout-flow\">\n<figure class=\"wp-block-image size-full\"><a href=\"https:\/\/orkafishinglures.com\/de\/product-category\/orka-shad\/\"><img loading=\"lazy\" decoding=\"async\" width=\"600\" height=\"600\" src=\"http:\/\/orkafishinglures.com\/wp-content\/uploads\/2022\/11\/sed.jpg\" alt=\"\" class=\"wp-image-1930\" srcset=\"https:\/\/orkafishinglures.com\/wp-content\/uploads\/2022\/11\/sed.jpg 600w, https:\/\/orkafishinglures.com\/wp-content\/uploads\/2022\/11\/sed-300x300.jpg 300w, https:\/\/orkafishinglures.com\/wp-content\/uploads\/2022\/11\/sed-150x150.jpg 150w, https:\/\/orkafishinglures.com\/wp-content\/uploads\/2022\/11\/sed-575x575.jpg 575w, https:\/\/orkafishinglures.com\/wp-content\/uploads\/2022\/11\/sed-380x380.jpg 380w, https:\/\/orkafishinglures.com\/wp-content\/uploads\/2022\/11\/sed-420x420.jpg 420w, https:\/\/orkafishinglures.com\/wp-content\/uploads\/2022\/11\/sed-100x100.jpg 100w\" sizes=\"auto, (max-width: 600px) 100vw, 600px\" \/><\/a><\/figure>\n<\/div>\n\n\n\n<div class=\"wp-block-column is-layout-flow wp-block-column-is-layout-flow\">\n<figure class=\"wp-block-image size-full\"><a href=\"https:\/\/orkafishinglures.com\/de\/product-category\/crazy-spoon\/\"><img loading=\"lazy\" decoding=\"async\" width=\"600\" height=\"600\" src=\"http:\/\/orkafishinglures.com\/wp-content\/uploads\/2022\/11\/crazy.jpg\" alt=\"\" class=\"wp-image-1933\" srcset=\"https:\/\/orkafishinglures.com\/wp-content\/uploads\/2022\/11\/crazy.jpg 600w, https:\/\/orkafishinglures.com\/wp-content\/uploads\/2022\/11\/crazy-300x300.jpg 300w, https:\/\/orkafishinglures.com\/wp-content\/uploads\/2022\/11\/crazy-150x150.jpg 150w, https:\/\/orkafishinglures.com\/wp-content\/uploads\/2022\/11\/crazy-575x575.jpg 575w, https:\/\/orkafishinglures.com\/wp-content\/uploads\/2022\/11\/crazy-380x380.jpg 380w, https:\/\/orkafishinglures.com\/wp-content\/uploads\/2022\/11\/crazy-420x420.jpg 420w, https:\/\/orkafishinglures.com\/wp-content\/uploads\/2022\/11\/crazy-100x100.jpg 100w\" sizes=\"auto, (max-width: 600px) 100vw, 600px\" \/><\/a><\/figure>\n<\/div>\n\n\n\n<div class=\"wp-block-column is-layout-flow wp-block-column-is-layout-flow\">\n<figure class=\"wp-block-image size-full\"><a href=\"https:\/\/orkafishinglures.com\/de\/product-category\/shad-tail\/\"><img loading=\"lazy\" decoding=\"async\" width=\"600\" height=\"600\" src=\"http:\/\/orkafishinglures.com\/wp-content\/uploads\/2022\/11\/sed-tvister.jpg\" alt=\"\" class=\"wp-image-1931\" srcset=\"https:\/\/orkafishinglures.com\/wp-content\/uploads\/2022\/11\/sed-tvister.jpg 600w, https:\/\/orkafishinglures.com\/wp-content\/uploads\/2022\/11\/sed-tvister-300x300.jpg 300w, https:\/\/orkafishinglures.com\/wp-content\/uploads\/2022\/11\/sed-tvister-150x150.jpg 150w, https:\/\/orkafishinglures.com\/wp-content\/uploads\/2022\/11\/sed-tvister-575x575.jpg 575w, https:\/\/orkafishinglures.com\/wp-content\/uploads\/2022\/11\/sed-tvister-380x380.jpg 380w, https:\/\/orkafishinglures.com\/wp-content\/uploads\/2022\/11\/sed-tvister-420x420.jpg 420w, https:\/\/orkafishinglures.com\/wp-content\/uploads\/2022\/11\/sed-tvister-100x100.jpg 100w\" sizes=\"auto, (max-width: 600px) 100vw, 600px\" \/><\/a><\/figure>\n<\/div>\n<\/div>\n\n\n\n<div class=\"wp-block-columns is-layout-flex wp-container-core-columns-is-layout-9d6595d7 wp-block-columns-is-layout-flex\">\n<div class=\"wp-block-column is-layout-flow wp-block-column-is-layout-flow\">\n<figure class=\"wp-block-image size-full\"><a href=\"https:\/\/orkafishinglures.com\/de\/product-category\/mermaid\/\"><img loading=\"lazy\" decoding=\"async\" width=\"600\" height=\"600\" src=\"http:\/\/orkafishinglures.com\/wp-content\/uploads\/2022\/11\/sirena.jpg\" alt=\"\" class=\"wp-image-1932\" srcset=\"https:\/\/orkafishinglures.com\/wp-content\/uploads\/2022\/11\/sirena.jpg 600w, https:\/\/orkafishinglures.com\/wp-content\/uploads\/2022\/11\/sirena-300x300.jpg 300w, https:\/\/orkafishinglures.com\/wp-content\/uploads\/2022\/11\/sirena-150x150.jpg 150w, https:\/\/orkafishinglures.com\/wp-content\/uploads\/2022\/11\/sirena-575x575.jpg 575w, https:\/\/orkafishinglures.com\/wp-content\/uploads\/2022\/11\/sirena-380x380.jpg 380w, https:\/\/orkafishinglures.com\/wp-content\/uploads\/2022\/11\/sirena-420x420.jpg 420w, https:\/\/orkafishinglures.com\/wp-content\/uploads\/2022\/11\/sirena-100x100.jpg 100w\" sizes=\"auto, (max-width: 600px) 100vw, 600px\" \/><\/a><\/figure>\n<\/div>\n\n\n\n<div class=\"wp-block-column is-layout-flow wp-block-column-is-layout-flow\">\n<figure class=\"wp-block-image size-full\"><a href=\"https:\/\/orkafishinglures.com\/de\/product-category\/orka-stick-bait\/\"><img loading=\"lazy\" decoding=\"async\" width=\"600\" height=\"600\" src=\"http:\/\/orkafishinglures.com\/wp-content\/uploads\/2022\/11\/stick.jpg\" alt=\"\" class=\"wp-image-1935\" srcset=\"https:\/\/orkafishinglures.com\/wp-content\/uploads\/2022\/11\/stick.jpg 600w, https:\/\/orkafishinglures.com\/wp-content\/uploads\/2022\/11\/stick-300x300.jpg 300w, https:\/\/orkafishinglures.com\/wp-content\/uploads\/2022\/11\/stick-150x150.jpg 150w, https:\/\/orkafishinglures.com\/wp-content\/uploads\/2022\/11\/stick-575x575.jpg 575w, https:\/\/orkafishinglures.com\/wp-content\/uploads\/2022\/11\/stick-380x380.jpg 380w, https:\/\/orkafishinglures.com\/wp-content\/uploads\/2022\/11\/stick-420x420.jpg 420w, https:\/\/orkafishinglures.com\/wp-content\/uploads\/2022\/11\/stick-100x100.jpg 100w\" sizes=\"auto, (max-width: 600px) 100vw, 600px\" \/><\/a><\/figure>\n<\/div>\n\n\n\n<div class=\"wp-block-column is-layout-flow wp-block-column-is-layout-flow\">\n<figure class=\"wp-block-image size-full\"><img loading=\"lazy\" decoding=\"async\" width=\"575\" height=\"575\" src=\"https:\/\/orkafishinglures.com\/wp-content\/uploads\/2023\/01\/FENIX.jpg\" alt=\"\" class=\"wp-image-3992\" srcset=\"https:\/\/orkafishinglures.com\/wp-content\/uploads\/2023\/01\/FENIX.jpg 575w, https:\/\/orkafishinglures.com\/wp-content\/uploads\/2023\/01\/FENIX-300x300.jpg 300w, https:\/\/orkafishinglures.com\/wp-content\/uploads\/2023\/01\/FENIX-150x150.jpg 150w, https:\/\/orkafishinglures.com\/wp-content\/uploads\/2023\/01\/FENIX-380x380.jpg 380w, https:\/\/orkafishinglures.com\/wp-content\/uploads\/2023\/01\/FENIX-420x420.jpg 420w, https:\/\/orkafishinglures.com\/wp-content\/uploads\/2023\/01\/FENIX-100x100.jpg 100w\" sizes=\"auto, (max-width: 575px) 100vw, 575px\" \/><\/figure>\n<\/div>\n<\/div>\n\n\n\n<div id=\"athemes-blocks-block-853f0396\" class=\"wp-block-athemes-athemes-blocks-block-container athemes-blocks-block athemes-blocks-block-853f0396 athemes-blocks-block-container alignfull\"><div class=\"athemes-blocks-block-container-wrapper athemes-blocks-block-container-bg-cover athemes-blocks-block-container-bg-effect-scroll\"><div class=\"athemes-blocks-block-container-wrapper-content\">\n<h3 class=\"wp-block-heading has-text-align-center\">WEICHE K\u00d6DER F\u00dcR DAS SPORTFISCHEN<\/h3>\n\n\n\n<p class=\"has-text-align-center\">Orka Silikon WEICHK\u00d6DER werden aus besonders hochwertigem Silikon hergestellt, dessen Rezeptur ein streng geh\u00fctetes Geheimnis ist. Die spezielle Produktionstechnologie und das spezifische Design jedes Modells und jeder Gr\u00f6\u00dfe haben dazu gef\u00fchrt, dass Orka-Silikonk\u00f6der zu den beliebtesten auf dem Markt geh\u00f6ren und aus der Ausr\u00fcstung eines jeden Anglers nicht mehr wegzudenken sind.<\/p>\n\n\n\n<div class=\"wp-block-columns is-layout-flex wp-container-core-columns-is-layout-9d6595d7 wp-block-columns-is-layout-flex\">\n<div class=\"wp-block-column is-layout-flow wp-block-column-is-layout-flow\">\n<p class=\"has-text-align-center\"><strong>ARBEITSZEIT<\/strong><br>ONLINE SHOP<br>24h\/7 DAY ON WEEK<\/p>\n<\/div>\n\n\n\n<div class=\"wp-block-column is-layout-flow wp-block-column-is-layout-flow\">\n<p class=\"has-text-align-center\"><strong>SUPPORT<\/strong><br>(+381)62 460 662 Sms\/Viber\/WhatsApp<br>support@orkafishinglures.com<\/p>\n<\/div>\n\n\n\n<div class=\"wp-block-column is-layout-flow wp-block-column-is-layout-flow\">\n<p class=\"has-text-align-center\"><strong>LIEFERUNG<\/strong><br>FedEx 5-7 Werktage, Post Serbien 2-3 Wochen<\/p>\n<\/div>\n<\/div>\n\n\n\n<div class=\"wp-block-columns is-layout-flex wp-container-core-columns-is-layout-9d6595d7 wp-block-columns-is-layout-flex\">\n<div class=\"wp-block-column is-layout-flow wp-block-column-is-layout-flow\">\n<p class=\"has-text-align-center\">\u25ba\u25ba\u25ba WIR VERSENDEN BESTELLUNGEN IN DIE EU UND DIE USA\u25c4\u25c4\u25c4<\/p>\n\n\n\n<div class=\"wp-block-columns is-layout-flex wp-container-core-columns-is-layout-9d6595d7 wp-block-columns-is-layout-flex\">\n<div class=\"wp-block-column is-layout-flow wp-block-column-is-layout-flow\">\n<div class=\"wp-block-media-text alignwide is-stacked-on-mobile\"><figure class=\"wp-block-media-text__media\"><img loading=\"lazy\" decoding=\"async\" width=\"100\" height=\"100\" src=\"https:\/\/orkafishinglures.com\/wp-content\/uploads\/2022\/11\/icons8-delivered-100.png\" alt=\"\" class=\"wp-image-1969 size-full\"\/><\/figure><div class=\"wp-block-media-text__content\">\n<p><strong>KOSTENLOSER VERSAND<\/strong><\/p>\n\n\n\n<p>F\u00dcR ALLE BESTELLUNGEN \u00dcBER 50 \u20ac IST DIE LIEFERUNG KOSTENLOS<\/p>\n<\/div><\/div>\n<\/div>\n\n\n\n<div class=\"wp-block-column is-layout-flow wp-block-column-is-layout-flow\">\n<div class=\"wp-block-media-text alignwide is-stacked-on-mobile\"><figure class=\"wp-block-media-text__media\"><img loading=\"lazy\" decoding=\"async\" width=\"100\" height=\"100\" src=\"https:\/\/orkafishinglures.com\/wp-content\/uploads\/2022\/11\/icons8-flag-100.png\" alt=\"\" class=\"wp-image-1972 size-full\"\/><\/figure><div class=\"wp-block-media-text__content\">\n<p><strong>FEDEX DELIVERY<\/strong><\/p>\n\n\n\n<p>F\u00dcR ALLE BESTELLUNGEN UNTER 50 \u20ac WENDEN WIR EINE PAUSCHALE F\u00dcR DIE SERBISCHE POST 5 \u20ac UND F\u00dcR FEDEX 35 \u20ac AN<\/p>\n<\/div><\/div>\n<\/div>\n<\/div>\n<\/div>\n<\/div>\n<\/div><\/div><\/div>\n\n\n\n<div style=\"height:30px\" aria-hidden=\"true\" class=\"wp-block-spacer\"><\/div>\n","protected":false},"excerpt":{"rendered":"<p>NEUE FARBEN Liebe Angler, wir freuen uns, Ihnen mitteilen zu k\u00f6nnen, dass wir die Farbpalette unserer meistverkauften Modelle ORKA SHAD und ORKA MERMAID aktualisiert haben. Die neuen SHAD-Dekore sind ab [&hellip;]<\/p>\n","protected":false},"author":1,"featured_media":0,"parent":0,"menu_order":0,"comment_status":"closed","ping_status":"closed","template":"","meta":{"footnotes":""},"class_list":["post-362","page","type-page","status-publish","hentry"],"_links":{"self":[{"href":"https:\/\/orkafishinglures.com\/de\/wp-json\/wp\/v2\/pages\/362","targetHints":{"allow":["GET"]}}],"collection":[{"href":"https:\/\/orkafishinglures.com\/de\/wp-json\/wp\/v2\/pages"}],"about":[{"href":"https:\/\/orkafishinglures.com\/de\/wp-json\/wp\/v2\/types\/page"}],"author":[{"embeddable":true,"href":"https:\/\/orkafishinglures.com\/de\/wp-json\/wp\/v2\/users\/1"}],"replies":[{"embeddable":true,"href":"https:\/\/orkafishinglures.com\/de\/wp-json\/wp\/v2\/comments?post=362"}],"version-history":[{"count":41,"href":"https:\/\/orkafishinglures.com\/de\/wp-json\/wp\/v2\/pages\/362\/revisions"}],"predecessor-version":[{"id":4271,"href":"https:\/\/orkafishinglures.com\/de\/wp-json\/wp\/v2\/pages\/362\/revisions\/4271"}],"wp:attachment":[{"href":"https:\/\/orkafishinglures.com\/de\/wp-json\/wp\/v2\/media?parent=362"}],"curies":[{"name":"wp","href":"https:\/\/api.w.org\/{rel}","templated":true}]}}