{"id":3751,"date":"2022-12-04T21:33:02","date_gmt":"2022-12-04T20:33:02","guid":{"rendered":"https:\/\/orkafishinglures.com\/?page_id=3751"},"modified":"2023-01-27T18:48:38","modified_gmt":"2023-01-27T17:48:38","slug":"shipping","status":"publish","type":"page","link":"https:\/\/orkafishinglures.com\/de\/shipping\/","title":{"rendered":"VERSAND &#038; R\u00dcCKGABE"},"content":{"rendered":"\n<p><\/p>\n\n\n\n<p>INTERNATIONALES VERSENDEN<\/p>\n\n\n\n<p>Alle Bestellungen werden innerhalb von 7 Werktagen ab dem Datum der Bestellung bearbeitet und versandt. Wir versenden nicht an nationalen Feiertagen oder anderen Tagen, die von der Post als \u201earbeitsfreier\u201c Tag angesehen werden.<br>Der Versand erfolgt \u00fcber Post Serbia Export mit der Lieferoption \u201eAm n\u00e4chsten Tag\u201c.<br>Die Versandkosten k\u00f6nnen je nach Lieferort sowie Anzahl und Art der bestellten Artikel (Gewicht\/Gr\u00f6\u00dfe) variieren.<br>Wir erinnern Sie daran, dass orkafishinglures.com nicht f\u00fcr die Erhebung oder R\u00fcckerstattung von zus\u00e4tzlichen Geb\u00fchren f\u00fcr Zoll- oder Zahlungsvorg\u00e4nge wie Einfuhrsteuern, IOF und Verwaltungsgeb\u00fchren verantwortlich ist. Durch den Kauf bei orkafishinglures.com erkl\u00e4ren Sie sich damit einverstanden, allein f\u00fcr die Zahlung m\u00f6glicher Zollgeb\u00fchren verantwortlich zu sein, die bei der Ankunft der Bestellung in Ihrem Bestimmungsland erhoben werden k\u00f6nnen.<br>R\u00dcCKNAHMEGARANTIE<br>Alle R\u00fccksendungen werden gerne innerhalb von 30 Tagen nach Ihrer Bestellung akzeptiert, wenn der Artikel nicht gem\u00e4\u00df den angegebenen Gr\u00f6\u00dfenangaben passt, wenn der Artikel Herstellungsfehler und Sch\u00e4den aufweist oder wenn er Ihnen einfach nicht mehr gef\u00e4llt kaufen. F\u00fcr Transportsch\u00e4den haftet der ausgew\u00e4hlte Kurierdienst. ORKA FISHING LURES haftet nicht f\u00fcr ein solches Fehlverhalten seiner Waren.<br>Alle R\u00fccksendungen unterliegen dem Umtausch gegen eine andere Gr\u00f6\u00dfe oder ein Produkt innerhalb derselben Preisspanne oder einer vollst\u00e4ndigen R\u00fcckerstattung ohne Versandkosten. Die Versandkosten m\u00fcssen vollst\u00e4ndig von Ihnen, dem Kunden, getragen werden. Wenn jedoch festgestellt wird, dass der Fehler bei uns liegt (besch\u00e4digter oder falscher Artikel), werden die Versandkosten von uns \u00fcbernommen.<br>Damit wir sie akzeptieren k\u00f6nnen, muss uns innerhalb von 3 Tagen nach dem Lieferdatum eine R\u00fccksende-E-Mail-Benachrichtigung gesendet werden.<\/p>\n\n\n\n<p>WIE KANN ICH IHRE BESTELLUNG ZUR\u00dcCKGEBEN ODER UMTAUSCHEN?<\/p>\n\n\n\n<p>Bevor Sie einen Artikel zur\u00fccksenden, senden Sie uns bitte innerhalb von 3 Tagen nach dem Lieferdatum eine E-Mail an support@orkafishinglures.com und erkl\u00e4ren Sie, warum Sie ihn zur\u00fccksenden.<br>Bitte senden Sie Ihre R\u00fccksendung innerhalb von 7 Tagen nach Erhalt einer E-Mail von uns oder bis zu 30 Tage nach dem Ankunftsdatum Ihrer Bestellung an uns zur\u00fcck.<br>Senden Sie die Artikel im Anlieferungszustand zusammen mit der Originalverpackung.<br>Alle R\u00fccksendungen sind zu richten an:<br>ORKA LLC RUMA<br>Mose Pijade 30<br>22426,Jarak<br>Serbien<\/p>\n\n\n\n<p>WICHTIG<br>Bis zum Eingang bei Over liegt der Zustand des Artikels, den Sie zur\u00fccksenden, in Ihrer Verantwortung. ORKA LLC haftet nicht f\u00fcr Transportsch\u00e4den oder andere Sch\u00e4den, die vor der Ankunft an der Ware entstanden sind.<br>Wir ersetzen keine Artikel, die eindeutig durch den Gebrauch besch\u00e4digt, zerrissen, gedehnt oder befleckt sind. Alle Produkte m\u00fcssen in ihrem Ausgangszustand (von uns) mit intakter Verpackung zur\u00fcckgegeben werden.<\/p>\n\n\n\n<p>Wenn der zur\u00fcckgesendete Artikel in der Zwischenzeit nicht mehr vorr\u00e4tig ist, bieten wir Ihnen einen Gutscheincode oder eines der Produkte aus unserem Gesch\u00e4ft innerhalb der gleichen Preisspanne wie der Artikel an, der Gegenstand der R\u00fccksendung ist.<\/p>\n\n\n\n<p>STORNIERUNG IHRER BESTELLUNG<br>Wenn die Bearbeitung Ihrer Bestellung noch nicht begonnen hat, senden Sie uns so schnell wie m\u00f6glich eine E-Mail an: support@orkafishinglures.com und wir lassen Sie wissen, ob Ihre Stornierung erfolgreich war.<br>Hinweis: Alle Bestellungen werden innerhalb von 7 Werktagen ab dem Datum der Bestellung bearbeitet und versandt.<\/p>\n","protected":false},"excerpt":{"rendered":"<p>INTERNATIONALES VERSENDEN Alle Bestellungen werden innerhalb von 7 Werktagen ab dem Datum der Bestellung bearbeitet und versandt. Wir versenden nicht an nationalen Feiertagen oder anderen Tagen, die von der Post [&hellip;]<\/p>\n","protected":false},"author":1,"featured_media":0,"parent":0,"menu_order":0,"comment_status":"closed","ping_status":"closed","template":"","meta":{"footnotes":""},"class_list":["post-3751","page","type-page","status-publish","hentry"],"_links":{"self":[{"href":"https:\/\/orkafishinglures.com\/de\/wp-json\/wp\/v2\/pages\/3751","targetHints":{"allow":["GET"]}}],"collection":[{"href":"https:\/\/orkafishinglures.com\/de\/wp-json\/wp\/v2\/pages"}],"about":[{"href":"https:\/\/orkafishinglures.com\/de\/wp-json\/wp\/v2\/types\/page"}],"author":[{"embeddable":true,"href":"https:\/\/orkafishinglures.com\/de\/wp-json\/wp\/v2\/users\/1"}],"replies":[{"embeddable":true,"href":"https:\/\/orkafishinglures.com\/de\/wp-json\/wp\/v2\/comments?post=3751"}],"version-history":[{"count":4,"href":"https:\/\/orkafishinglures.com\/de\/wp-json\/wp\/v2\/pages\/3751\/revisions"}],"predecessor-version":[{"id":4041,"href":"https:\/\/orkafishinglures.com\/de\/wp-json\/wp\/v2\/pages\/3751\/revisions\/4041"}],"wp:attachment":[{"href":"https:\/\/orkafishinglures.com\/de\/wp-json\/wp\/v2\/media?parent=3751"}],"curies":[{"name":"wp","href":"https:\/\/api.w.org\/{rel}","templated":true}]}}